{"id":8325,"date":"2022-03-31T03:19:37","date_gmt":"2022-03-31T03:19:37","guid":{"rendered":"https:\/\/www.happyhoursbar.fr\/?page_id=8325"},"modified":"2026-02-10T09:01:48","modified_gmt":"2026-02-10T09:01:48","slug":"home-16","status":"publish","type":"page","link":"https:\/\/lavieenrosemorzine.fr\/fr\/","title":{"rendered":"Accueil"},"content":{"rendered":"<div data-elementor-type=\"wp-page\" data-elementor-id=\"8325\" class=\"elementor elementor-8325\" data-elementor-post-type=\"page\">\n\t\t\t\t\t\t<section class=\"elementor-section elementor-top-section elementor-element elementor-element-8f95c3c elementor-section-full_width elementor-section-stretched elementor-section-height-default elementor-section-height-default rt-parallax-bg-no\" data-id=\"8f95c3c\" data-element_type=\"section\" data-settings=\"{&quot;stretch_section&quot;:&quot;section-stretched&quot;}\">\n\t\t\t\t\t\t<div class=\"elementor-container elementor-column-gap-default\">\n\t\t\t\t\t<div class=\"elementor-column elementor-col-100 elementor-top-column elementor-element elementor-element-27e3f93\" data-id=\"27e3f93\" data-element_type=\"column\">\n\t\t\t<div class=\"elementor-widget-wrap elementor-element-populated\">\n\t\t\t\t\t\t<div class=\"elementor-element elementor-element-e050fec elementor--h-position-center elementor--v-position-middle elementor-arrows-position-inside elementor-pagination-position-inside elementor-widget elementor-widget-slides\" data-id=\"e050fec\" data-element_type=\"widget\" data-settings=\"{&quot;navigation&quot;:&quot;both&quot;,&quot;autoplay&quot;:&quot;yes&quot;,&quot;pause_on_hover&quot;:&quot;yes&quot;,&quot;pause_on_interaction&quot;:&quot;yes&quot;,&quot;autoplay_speed&quot;:5000,&quot;infinite&quot;:&quot;yes&quot;,&quot;transition&quot;:&quot;slide&quot;,&quot;transition_speed&quot;:500}\" data-widget_type=\"slides.default\">\n\t\t\t\t\t\t\t\t\t\t<div class=\"elementor-slides-wrapper elementor-main-swiper swiper\" role=\"region\" aria-roledescription=\"carousel\" aria-label=\"Slides\" dir=\"ltr\" data-animation=\"fadeInUp\">\n\t\t\t\t<div class=\"swiper-wrapper elementor-slides\">\n\t\t\t\t\t\t\t\t\t\t<div class=\"elementor-repeater-item-f46707a swiper-slide\" role=\"group\" aria-roledescription=\"slide\"><div class=\"swiper-slide-bg\" role=\"img\" aria-label=\"LA-VIE-EN-ROSE_LD_@corentin_croisonnier_005\"><\/div><div class=\"swiper-slide-inner\" ><div class=\"swiper-slide-contents\"><div class=\"elementor-slide-heading\">Bienvenue \u00e0 La Vie en Rose<\/div><div class=\"elementor-slide-description\">Ici, on vit, on chante, on rit, on trinque\u2026 et on voit la vie en rose.<\/div><a href=\"https:\/\/app.overfull.fr\/booking-v2?key_id=t2wU6G54JFW&#038;source=Web\" target=\"_blank\" class=\"elementor-button elementor-slide-button elementor-size-sm\">R\u00e9servez une table<\/a><\/div><\/div><\/div><div class=\"elementor-repeater-item-ba98373 swiper-slide\" role=\"group\" aria-roledescription=\"slide\"><div class=\"swiper-slide-bg\" role=\"img\" aria-label=\"LA-VIE-EN-ROSE_LD_@corentin_croisonnier_134\"><\/div><a class=\"swiper-slide-inner\" href=\"https:\/\/lavieenrosemorzine.fr\/fr\/food\/\"><div class=\"swiper-slide-contents\"><div class=\"elementor-slide-heading\">Cuisine traditionnelle fran\u00e7aise<\/div><div class=\"elementor-slide-description\">La Vie en Rose propose une cuisine fran\u00e7aise authentique, inspir\u00e9e aussi bien des saveurs savoyardes que des classiques parisiens.<\/div><div  class=\"elementor-button elementor-slide-button elementor-size-sm\">Voir le menu<\/div><\/div><\/a><\/div>\t\t\t\t<\/div>\n\t\t\t\t\t\t\t\t\t\t\t\t\t\t\t<div class=\"elementor-swiper-button elementor-swiper-button-prev\" role=\"button\" tabindex=\"0\" aria-label=\"Previous slide\" data-no-translation-aria-label=\"\">\n\t\t\t\t\t\t\t<svg aria-hidden=\"true\" class=\"e-font-icon-svg e-eicon-chevron-left\" viewbox=\"0 0 1000 1000\" xmlns=\"http:\/\/www.w3.org\/2000\/svg\"><path d=\"M646 125C629 125 613 133 604 142L308 442C296 454 292 471 292 487 292 504 296 521 308 533L604 854C617 867 629 875 646 875 663 875 679 871 692 858 704 846 713 829 713 812 713 796 708 779 692 767L438 487 692 225C700 217 708 204 708 187 708 171 704 154 692 142 675 129 663 125 646 125Z\"><\/path><\/svg>\t\t\t\t\t\t<\/div>\n\t\t\t\t\t\t<div class=\"elementor-swiper-button elementor-swiper-button-next\" role=\"button\" tabindex=\"0\" aria-label=\"Next slide\" data-no-translation-aria-label=\"\">\n\t\t\t\t\t\t\t<svg aria-hidden=\"true\" class=\"e-font-icon-svg e-eicon-chevron-right\" viewbox=\"0 0 1000 1000\" xmlns=\"http:\/\/www.w3.org\/2000\/svg\"><path d=\"M696 533C708 521 713 504 713 487 713 471 708 454 696 446L400 146C388 133 375 125 354 125 338 125 325 129 313 142 300 154 292 171 292 187 292 204 296 221 308 233L563 492 304 771C292 783 288 800 288 817 288 833 296 850 308 863 321 871 338 875 354 875 371 875 388 867 400 854L696 533Z\"><\/path><\/svg>\t\t\t\t\t\t<\/div>\n\t\t\t\t\t\t\t\t\t\t\t\t\t\t\t\t<div class=\"swiper-pagination\"><\/div>\n\t\t\t\t\t\t\t\t\t\t\t\t<\/div>\n\t\t\t\t\t\t\t\t<\/div>\n\t\t\t\t\t<\/div>\n\t\t<\/div>\n\t\t\t\t\t<\/div>\n\t\t<\/section>\n\t\t\t\t<section class=\"elementor-section elementor-top-section elementor-element elementor-element-30a51348 motion-effects dark-section2 elementor-section-boxed elementor-section-height-default elementor-section-height-default rt-parallax-bg-no\" data-id=\"30a51348\" data-element_type=\"section\" data-settings=\"{&quot;background_background&quot;:&quot;classic&quot;}\">\n\t\t\t\t\t\t<div class=\"elementor-container elementor-column-gap-default\">\n\t\t\t\t\t<div class=\"elementor-column elementor-col-100 elementor-top-column elementor-element elementor-element-1520522b\" data-id=\"1520522b\" data-element_type=\"column\">\n\t\t\t<div class=\"elementor-widget-wrap elementor-element-populated\">\n\t\t\t\t\t\t<div class=\"elementor-element elementor-element-7ef437d6 elementor-widget__width-auto elementor-absolute elementor-hidden-tablet elementor-hidden-mobile elementor-widget elementor-widget-rt-shape\" data-id=\"7ef437d6\" data-element_type=\"widget\" data-settings=\"{&quot;_position&quot;:&quot;absolute&quot;}\" data-widget_type=\"rt-shape.default\">\n\t\t\t\t<div class=\"elementor-widget-container\">\n\t\t\t\t\t\n<div class=\"rt-shape-layout rt-shape-layout1\">\t\n\t<div class=\"rt-shape-item\">\n        \t\t<div class=\"shape\"><img decoding=\"async\" src=\"http:\/\/stage.happyhoursbar.fr\/wp-content\/uploads\/2021\/10\/element_18.png\" title=\"\" alt=\"\" loading=\"lazy\" \/><\/div>\n        \t<\/div>\n<\/div>\t\t\t\t<\/div>\n\t\t\t\t<\/div>\n\t\t\t\t<div class=\"elementor-element elementor-element-678e9ea0 elementor-widget__width-auto elementor-absolute elementor-hidden-tablet elementor-hidden-mobile elementor-widget elementor-widget-rt-shape\" data-id=\"678e9ea0\" data-element_type=\"widget\" data-settings=\"{&quot;_position&quot;:&quot;absolute&quot;}\" data-widget_type=\"rt-shape.default\">\n\t\t\t\t<div class=\"elementor-widget-container\">\n\t\t\t\t\t\n<div class=\"rt-shape-layout rt-shape-layout1\">\t\n\t<div class=\"rt-shape-item\">\n        \t\t<div class=\"shape\"><img decoding=\"async\" src=\"http:\/\/stage.happyhoursbar.fr\/wp-content\/uploads\/2021\/11\/element_3.png\" title=\"\" alt=\"\" loading=\"lazy\" \/><\/div>\n        \t<\/div>\n<\/div>\t\t\t\t<\/div>\n\t\t\t\t<\/div>\n\t\t\t\t<div class=\"elementor-element elementor-element-74cf44a elementor-widget__width-auto elementor-absolute elementor-hidden-tablet elementor-hidden-mobile elementor-widget elementor-widget-rt-shape\" data-id=\"74cf44a\" data-element_type=\"widget\" data-settings=\"{&quot;_position&quot;:&quot;absolute&quot;}\" data-widget_type=\"rt-shape.default\">\n\t\t\t\t<div class=\"elementor-widget-container\">\n\t\t\t\t\t\n<div class=\"rt-shape-layout rt-shape-layout1\">\t\n\t<div class=\"rt-shape-item\">\n        \t\t<div class=\"shape\"><img decoding=\"async\" src=\"http:\/\/stage.happyhoursbar.fr\/wp-content\/uploads\/2021\/10\/element_17.png\" title=\"\" alt=\"\" loading=\"lazy\" \/><\/div>\n        \t<\/div>\n<\/div>\t\t\t\t<\/div>\n\t\t\t\t<\/div>\n\t\t\t\t<div class=\"elementor-element elementor-element-987a543 elementor-invisible elementor-widget elementor-widget-rt-title\" data-id=\"987a543\" data-element_type=\"widget\" data-widget_type=\"rt-title.default\">\n\t\t\t\t<div class=\"elementor-widget-container\">\n\t\t\t\t\t<div class=\"rt-section-title style1\">\n\t<div class=\"title-holder\">\t\t\n\t\t\t\t\t\t<h2 class=\"entry-title hide fadeInUp\" data-wow-delay=\"1.2s\" data-wow-duration=\"1s\">\u00c0 propos de nous\t\t\t<span class=\"titledot\"><\/span>\n\t\t\t<span class=\"titleline\"><\/span>\n\t\t<\/h2>\n\t\t\t<\/div>\n<\/div>\n\t\t\t\t<\/div>\n\t\t\t\t<\/div>\n\t\t\t\t<div class=\"elementor-element elementor-element-3cf3133 elementor-widget elementor-widget-text-editor\" data-id=\"3cf3133\" data-element_type=\"widget\" data-widget_type=\"text-editor.default\">\n\t\t\t\t\t\t\t\t\t<h1>Bienvenue \u00e0 La Vie en Rose \u2013 Restaurant &amp; Apr\u00e8s-Ski \u00e0 Montriond<\/h1><p>Nich\u00e9e au c\u0153ur des Portes du Soleil, juste \u00e0 c\u00f4t\u00e9 du mythique Happy Hours Bar, La Vie en Rose ouvre ses portes cet hiver pour vous accueillir dans une France authentique, chaleureuse et gourmande.<\/p><p>Ici, on rend hommage \u00e0 \u00c9dith Piaf, au Paris des grandes ann\u00e9es et \u00e0 l\u2019\u00e2me de la cuisine fran\u00e7aise traditionnelle.<\/p><hr \/><h2>\u00a0<\/h2><h2>Cuisine traditionnelle fran\u00e7aise \u2013 Savoyarde &amp; Parisienne<\/h2><p>La Vie en Rose propose une cuisine fran\u00e7aise authentique, inspir\u00e9e aussi bien des saveurs savoyardes que des classiques parisiens.<\/p><p>Une cuisine de bons vivants, g\u00e9n\u00e9reuse et sinc\u00e8re.<\/p><hr \/><h2>\u00a0<\/h2><h2>Horaires cuisine<\/h2><p>Service assis : 11h30 \u2013 16h<\/p><p>Finger Food apr\u00e8s-ski : jusqu\u2019\u00e0 18h<\/p><hr \/><h2>\u00a0<\/h2><h2>Apr\u00e8s-ski \u00e0 la fran\u00e7aise<\/h2><p>Ouvert tous les jours de 8h \u00e0 20h, La Vie en Rose est aussi un v\u00e9ritable apr\u00e8s-ski \u00e0 th\u00e8me, inspir\u00e9 du Paris d\u2019autrefois.<\/p><p>Cocktails, ambiance, musique\u2026 ici l\u2019ap\u00e9ritif a un accent d\u2019accord\u00e9on et de libert\u00e9 !<\/p><hr \/><h2>\u00a0<\/h2><h2>Chalet authentique<\/h2><p>Install\u00e9 dans un chalet traditionnel en vieux bois, avec une terrasse lumineuse adoss\u00e9e au Le\u00efla Bar, La Vie en Rose vous offre un cadre chaleureux, o\u00f9 se m\u00ealent montagne, \u00e9l\u00e9gance et esprit parisien des ann\u00e9es Piaf.<\/p><hr \/><h2>\u00a0<\/h2><h2>Une ambiance unique<\/h2><p>Plus qu\u2019un restaurant, La Vie en Rose est une c\u00e9l\u00e9bration de la France, de ses belles ann\u00e9es, de sa cuisine, de sa musique et de son art de vivre.<\/p><p>Ici, on vit, on chante, on rit, on trinque\u2026 et on voit la vie en rose.<\/p>\t\t\t\t\t\t\t\t<\/div>\n\t\t\t\t\t<\/div>\n\t\t<\/div>\n\t\t\t\t\t<\/div>\n\t\t<\/section>\n\t\t\t\t<\/div>\n\t\t\n    <div class=\"xs_social_share_widget xs_share_url after_content \t\tmain_content  wslu-style-1 wslu-share-box-shaped wslu-fill-colored wslu-none wslu-share-horizontal wslu-theme-font-no wslu-main_content\">\n\n\t\t\n        <ul>\n\t\t\t        <\/ul>\n    <\/div>","protected":false},"excerpt":{"rendered":"<p>Welcome to La Vie En RoseWe eat, we sing, we laugh, we toast\u2026 and we truly see life in pink.Book a TableTraditional French CuisineLa Vie en Rose celebrates authentic French cooking, inspired by both the rich flavours of Savoie and classic Parisian bistro cuisine.View Menu About us Welcome to La Vie en Rose \u2013 Restaurant [&hellip;]<\/p>","protected":false},"author":1,"featured_media":0,"parent":0,"menu_order":0,"comment_status":"closed","ping_status":"closed","template":"elementor_header_footer","meta":{"_acf_changed":false,"footnotes":""},"class_list":["post-8325","page","type-page","status-publish","hentry"],"acf":[],"yoast_head":"<!-- This site is optimized with the Yoast SEO plugin v26.4 - https:\/\/yoast.com\/wordpress\/plugins\/seo\/ -->\n<title>Home - La Vie En Rose<\/title>\n<meta name=\"robots\" content=\"index, follow, max-snippet:-1, max-image-preview:large, max-video-preview:-1\" \/>\n<link rel=\"canonical\" href=\"https:\/\/lavieenrosemorzine.fr\/fr\/\" \/>\n<meta property=\"og:locale\" content=\"fr_FR\" \/>\n<meta property=\"og:type\" content=\"article\" \/>\n<meta property=\"og:title\" content=\"Home - La Vie En Rose\" \/>\n<meta property=\"og:description\" content=\"Welcome to La Vie En RoseWe eat, we sing, we laugh, we toast\u2026 and we truly see life in pink.Book a TableTraditional French CuisineLa Vie en Rose celebrates authentic French cooking, inspired by both the rich flavours of Savoie and classic Parisian bistro cuisine.View Menu About us Welcome to La Vie en Rose \u2013 Restaurant [&hellip;]\" \/>\n<meta property=\"og:url\" content=\"https:\/\/lavieenrosemorzine.fr\/fr\/\" \/>\n<meta property=\"og:site_name\" content=\"La Vie En Rose\" \/>\n<meta property=\"article:modified_time\" content=\"2026-02-10T09:01:48+00:00\" \/>\n<meta property=\"og:image\" content=\"http:\/\/stage.happyhoursbar.fr\/wp-content\/uploads\/2021\/10\/element_18.png\" \/>\n<meta name=\"twitter:card\" content=\"summary_large_image\" \/>\n<meta name=\"twitter:label1\" content=\"Dur\u00e9e de lecture estim\u00e9e\" \/>\n\t<meta name=\"twitter:data1\" content=\"1 minute\" \/>\n<script type=\"application\/ld+json\" class=\"yoast-schema-graph\">{\"@context\":\"https:\/\/schema.org\",\"@graph\":[{\"@type\":\"WebPage\",\"@id\":\"https:\/\/lavieenrosemorzine.fr\/\",\"url\":\"https:\/\/lavieenrosemorzine.fr\/\",\"name\":\"Home - La Vie En Rose\",\"isPartOf\":{\"@id\":\"https:\/\/lavieenrosemorzine.fr\/#website\"},\"primaryImageOfPage\":{\"@id\":\"https:\/\/lavieenrosemorzine.fr\/#primaryimage\"},\"image\":{\"@id\":\"https:\/\/lavieenrosemorzine.fr\/#primaryimage\"},\"thumbnailUrl\":\"http:\/\/stage.happyhoursbar.fr\/wp-content\/uploads\/2021\/10\/element_18.png\",\"datePublished\":\"2022-03-31T03:19:37+00:00\",\"dateModified\":\"2026-02-10T09:01:48+00:00\",\"breadcrumb\":{\"@id\":\"https:\/\/lavieenrosemorzine.fr\/#breadcrumb\"},\"inLanguage\":\"fr-FR\",\"potentialAction\":[{\"@type\":\"ReadAction\",\"target\":[\"https:\/\/lavieenrosemorzine.fr\/\"]}]},{\"@type\":\"ImageObject\",\"inLanguage\":\"fr-FR\",\"@id\":\"https:\/\/lavieenrosemorzine.fr\/#primaryimage\",\"url\":\"http:\/\/stage.happyhoursbar.fr\/wp-content\/uploads\/2021\/10\/element_18.png\",\"contentUrl\":\"http:\/\/stage.happyhoursbar.fr\/wp-content\/uploads\/2021\/10\/element_18.png\"},{\"@type\":\"BreadcrumbList\",\"@id\":\"https:\/\/lavieenrosemorzine.fr\/#breadcrumb\",\"itemListElement\":[{\"@type\":\"ListItem\",\"position\":1,\"name\":\"Home\",\"item\":\"https:\/\/lavieenrosemorzine.fr\/\"},{\"@type\":\"ListItem\",\"position\":2,\"name\":\"Home\"}]},{\"@type\":\"WebSite\",\"@id\":\"https:\/\/lavieenrosemorzine.fr\/#website\",\"url\":\"https:\/\/lavieenrosemorzine.fr\/\",\"name\":\"La Vie En Rose\",\"description\":\"\",\"potentialAction\":[{\"@type\":\"SearchAction\",\"target\":{\"@type\":\"EntryPoint\",\"urlTemplate\":\"https:\/\/lavieenrosemorzine.fr\/?s={search_term_string}\"},\"query-input\":{\"@type\":\"PropertyValueSpecification\",\"valueRequired\":true,\"valueName\":\"search_term_string\"}}],\"inLanguage\":\"fr-FR\"}]}<\/script>\n<!-- \/ Yoast SEO plugin. -->","yoast_head_json":{"title":"Home - La Vie En Rose","robots":{"index":"index","follow":"follow","max-snippet":"max-snippet:-1","max-image-preview":"max-image-preview:large","max-video-preview":"max-video-preview:-1"},"canonical":"https:\/\/lavieenrosemorzine.fr\/fr\/","og_locale":"fr_FR","og_type":"article","og_title":"Home - La Vie En Rose","og_description":"Welcome to La Vie En RoseWe eat, we sing, we laugh, we toast\u2026 and we truly see life in pink.Book a TableTraditional French CuisineLa Vie en Rose celebrates authentic French cooking, inspired by both the rich flavours of Savoie and classic Parisian bistro cuisine.View Menu About us Welcome to La Vie en Rose \u2013 Restaurant [&hellip;]","og_url":"https:\/\/lavieenrosemorzine.fr\/fr\/","og_site_name":"La Vie En Rose","article_modified_time":"2026-02-10T09:01:48+00:00","og_image":[{"url":"http:\/\/stage.happyhoursbar.fr\/wp-content\/uploads\/2021\/10\/element_18.png","type":"","width":"","height":""}],"twitter_card":"summary_large_image","twitter_misc":{"Dur\u00e9e de lecture estim\u00e9e":"1 minute"},"schema":{"@context":"https:\/\/schema.org","@graph":[{"@type":"WebPage","@id":"https:\/\/lavieenrosemorzine.fr\/","url":"https:\/\/lavieenrosemorzine.fr\/","name":"Home - La Vie En Rose","isPartOf":{"@id":"https:\/\/lavieenrosemorzine.fr\/#website"},"primaryImageOfPage":{"@id":"https:\/\/lavieenrosemorzine.fr\/#primaryimage"},"image":{"@id":"https:\/\/lavieenrosemorzine.fr\/#primaryimage"},"thumbnailUrl":"http:\/\/stage.happyhoursbar.fr\/wp-content\/uploads\/2021\/10\/element_18.png","datePublished":"2022-03-31T03:19:37+00:00","dateModified":"2026-02-10T09:01:48+00:00","breadcrumb":{"@id":"https:\/\/lavieenrosemorzine.fr\/#breadcrumb"},"inLanguage":"fr-FR","potentialAction":[{"@type":"ReadAction","target":["https:\/\/lavieenrosemorzine.fr\/"]}]},{"@type":"ImageObject","inLanguage":"fr-FR","@id":"https:\/\/lavieenrosemorzine.fr\/#primaryimage","url":"http:\/\/stage.happyhoursbar.fr\/wp-content\/uploads\/2021\/10\/element_18.png","contentUrl":"http:\/\/stage.happyhoursbar.fr\/wp-content\/uploads\/2021\/10\/element_18.png"},{"@type":"BreadcrumbList","@id":"https:\/\/lavieenrosemorzine.fr\/#breadcrumb","itemListElement":[{"@type":"ListItem","position":1,"name":"Home","item":"https:\/\/lavieenrosemorzine.fr\/"},{"@type":"ListItem","position":2,"name":"Home"}]},{"@type":"WebSite","@id":"https:\/\/lavieenrosemorzine.fr\/#website","url":"https:\/\/lavieenrosemorzine.fr\/","name":"La Vie En Rose","description":"","potentialAction":[{"@type":"SearchAction","target":{"@type":"EntryPoint","urlTemplate":"https:\/\/lavieenrosemorzine.fr\/?s={search_term_string}"},"query-input":{"@type":"PropertyValueSpecification","valueRequired":true,"valueName":"search_term_string"}}],"inLanguage":"fr-FR"}]}},"_links":{"self":[{"href":"https:\/\/lavieenrosemorzine.fr\/fr\/wp-json\/wp\/v2\/pages\/8325","targetHints":{"allow":["GET"]}}],"collection":[{"href":"https:\/\/lavieenrosemorzine.fr\/fr\/wp-json\/wp\/v2\/pages"}],"about":[{"href":"https:\/\/lavieenrosemorzine.fr\/fr\/wp-json\/wp\/v2\/types\/page"}],"author":[{"embeddable":true,"href":"https:\/\/lavieenrosemorzine.fr\/fr\/wp-json\/wp\/v2\/users\/1"}],"replies":[{"embeddable":true,"href":"https:\/\/lavieenrosemorzine.fr\/fr\/wp-json\/wp\/v2\/comments?post=8325"}],"version-history":[{"count":33,"href":"https:\/\/lavieenrosemorzine.fr\/fr\/wp-json\/wp\/v2\/pages\/8325\/revisions"}],"predecessor-version":[{"id":11690,"href":"https:\/\/lavieenrosemorzine.fr\/fr\/wp-json\/wp\/v2\/pages\/8325\/revisions\/11690"}],"wp:attachment":[{"href":"https:\/\/lavieenrosemorzine.fr\/fr\/wp-json\/wp\/v2\/media?parent=8325"}],"curies":[{"name":"wp","href":"https:\/\/api.w.org\/{rel}","templated":true}]}}